{"id":1057,"date":"2021-01-28T13:42:08","date_gmt":"2021-01-28T12:42:08","guid":{"rendered":"http:\/\/husberg.dsmynas.net\/wordpress\/?page_id=1057"},"modified":"2021-08-12T07:40:56","modified_gmt":"2021-08-12T05:40:56","slug":"salen","status":"publish","type":"page","link":"http:\/\/husberg.dsmynas.net\/wordpress\/resmal\/sverige\/salen\/","title":{"rendered":"S\u00e4len"},"content":{"rendered":"\n<p>S\u00e4len ligger i nordv\u00e4stra Dalarna och Dalarna har berguven som landskapsdjur och bl\u00e5klocka som landskapsblomma. Det var hit Gustav Vasa skidade fr\u00e5n Mora \u00e5r 1521.   D\u00e4r har vi Vasaloppet fast \u00e5t andra h\u00e5llet. Det b\u00f6rjar ju i S\u00e4len och g\u00e5r till Mora, 9 mil  l\u00e5ngt och g\u00e5r i h\u00e4rlig natur. Man kan \u00e4ven cykla str\u00e4ckan i cykelvasan under augusti m\u00e5nad.  <\/p>\n\n\n\n<p>S\u00e4len, eller s\u00e4lenfj\u00e4llen, ett h\u00e4rligt st\u00e4lle att vara p\u00e5 b\u00e5de sommar och vinter. Vi har varit h\u00e4r med med husbilen vintertid och d\u00e5 har vi st\u00e5tt p\u00e5 Caravan Club Camping i Tand\u00e5dalen. En bra och fin Camping. Det var f\u00e4rdigskottad plats med bra markering p\u00e5 hur man ska st\u00e5.  Toalett och duschrummen \u00e4r bra, h\u00e4rligt med varm bastu n\u00e4r an kommit tillbaka fr\u00e5n backen. De har v\u00e4rmerum som kan kan nyttja f\u00f6r kl\u00e4der och pj\u00e4xor.  Det finns 4 st platser runt fj\u00e4llen, Lindvallen, H\u00f6gfj\u00e4llet, Tand\u00e5dalen och Hundfj\u00e4llet. St\u00f6ten finns ocks\u00e5 men tillh\u00f6r inte samma liftkortssystem som de andra. L\u00e4ngdskridsp\u00e5r finns p\u00e5 alla anl\u00e4ggningar. Bra preparerade sp\u00e5r. Du kan \u00e4ven \u00e5ka ut p\u00e5 Skotersafari, kontakta d\u00e5 S\u00e4lenaktiviteter( s\u00e4lenaktiviteter.se,  0704-38 66 89) d\u00e4r kan du boka skoterturer eller bada i badhus, boka  skotertaxi och \u00e4ven testa p\u00e5 isskulptering. <\/p>\n\n\n\n<p>P\u00e5 sommaren finns det mysiga vandringsleder runt om i hela S\u00e4lenfj\u00e4llen. \u00c4ven f\u00f6r dom personerna som beh\u00f6ver lite mer hj\u00e4lp. De har asfalterat en v\u00e4g upp i fj\u00e4llet s\u00e5 att man kan ta sig dit med rullstol, Det \u00e4r vid H\u00f6gfj\u00e4llet detta finns. <\/p>\n\n\n\n<p>Du kan boka stugor, hotell, camping. Det finns ett stort urval av m\u00f6jligheter. \u00c5k hit. <\/p>\n","protected":false},"excerpt":{"rendered":"<p>S\u00e4len ligger i nordv\u00e4stra Dalarna och Dalarna har berguven som landskapsdjur och bl\u00e5klocka som landskapsblomma. Det var hit Gustav Vasa skidade fr\u00e5n Mora \u00e5r 1521. D\u00e4r har vi Vasaloppet fast \u00e5t andra h\u00e5llet. Det b\u00f6rjar ju i S\u00e4len och g\u00e5r till Mora, 9 mil l\u00e5ngt och g\u00e5r i h\u00e4rlig natur. Man kan \u00e4ven cykla str\u00e4ckan &hellip; <\/p>\n<p class=\"link-more\"><a href=\"http:\/\/husberg.dsmynas.net\/wordpress\/resmal\/sverige\/salen\/\" class=\"more-link\">Forts\u00e4tt l\u00e4sa<span class=\"screen-reader-text\"> \u201dS\u00e4len\u201d<\/span><\/a><\/p>\n","protected":false},"author":1,"featured_media":0,"parent":870,"menu_order":1,"comment_status":"closed","ping_status":"closed","template":"","meta":{"footnotes":""},"class_list":["post-1057","page","type-page","status-publish","hentry"],"_links":{"self":[{"href":"http:\/\/husberg.dsmynas.net\/wordpress\/wp-json\/wp\/v2\/pages\/1057","targetHints":{"allow":["GET"]}}],"collection":[{"href":"http:\/\/husberg.dsmynas.net\/wordpress\/wp-json\/wp\/v2\/pages"}],"about":[{"href":"http:\/\/husberg.dsmynas.net\/wordpress\/wp-json\/wp\/v2\/types\/page"}],"author":[{"embeddable":true,"href":"http:\/\/husberg.dsmynas.net\/wordpress\/wp-json\/wp\/v2\/users\/1"}],"replies":[{"embeddable":true,"href":"http:\/\/husberg.dsmynas.net\/wordpress\/wp-json\/wp\/v2\/comments?post=1057"}],"version-history":[{"count":1,"href":"http:\/\/husberg.dsmynas.net\/wordpress\/wp-json\/wp\/v2\/pages\/1057\/revisions"}],"predecessor-version":[{"id":1058,"href":"http:\/\/husberg.dsmynas.net\/wordpress\/wp-json\/wp\/v2\/pages\/1057\/revisions\/1058"}],"up":[{"embeddable":true,"href":"http:\/\/husberg.dsmynas.net\/wordpress\/wp-json\/wp\/v2\/pages\/870"}],"wp:attachment":[{"href":"http:\/\/husberg.dsmynas.net\/wordpress\/wp-json\/wp\/v2\/media?parent=1057"}],"curies":[{"name":"wp","href":"https:\/\/api.w.org\/{rel}","templated":true}]}}