{"id":38,"date":"2019-07-28T21:03:41","date_gmt":"2019-07-28T19:03:41","guid":{"rendered":"http:\/\/192.168.5.155\/wordpress\/?page_id=38"},"modified":"2020-11-21T10:38:52","modified_gmt":"2020-11-21T09:38:52","slug":"om-oss","status":"publish","type":"page","link":"http:\/\/husberg.dsmynas.net\/wordpress\/om-oss\/","title":{"rendered":"Om oss"},"content":{"rendered":"<p>Tv\u00e5 underbara personer som \u00e4lskar att resa jorden runt.\u00a0<\/p>\n<p>Vi \u00e4r i v\u00e5ra b\u00e4sta \u00e5r,\u00a0 livet bara forts\u00e4tter i underbar fart dit vi visar att den ska ta oss. Vi \u00e4r \u00f6ppna i hj\u00e4rtat och l\u00e4ngtar efter att f\u00e5 forts\u00e4tta uppt\u00e4cka v\u00e5r underbart h\u00e4rliga v\u00e4rld.\u00a0<\/p>\n\n\n<p><\/p>\n","protected":false},"excerpt":{"rendered":"<p>Tv\u00e5 underbara personer som \u00e4lskar att resa jorden runt.\u00a0 Vi \u00e4r i v\u00e5ra b\u00e4sta \u00e5r,\u00a0 livet bara forts\u00e4tter i underbar fart dit vi visar att den ska ta oss. Vi \u00e4r \u00f6ppna i hj\u00e4rtat och l\u00e4ngtar efter att f\u00e5 forts\u00e4tta uppt\u00e4cka v\u00e5r underbart h\u00e4rliga v\u00e4rld.\u00a0<\/p>\n","protected":false},"author":1,"featured_media":109,"parent":0,"menu_order":0,"comment_status":"closed","ping_status":"closed","template":"","meta":{"footnotes":""},"class_list":["post-38","page","type-page","status-publish","has-post-thumbnail","hentry"],"_links":{"self":[{"href":"http:\/\/husberg.dsmynas.net\/wordpress\/wp-json\/wp\/v2\/pages\/38","targetHints":{"allow":["GET"]}}],"collection":[{"href":"http:\/\/husberg.dsmynas.net\/wordpress\/wp-json\/wp\/v2\/pages"}],"about":[{"href":"http:\/\/husberg.dsmynas.net\/wordpress\/wp-json\/wp\/v2\/types\/page"}],"author":[{"embeddable":true,"href":"http:\/\/husberg.dsmynas.net\/wordpress\/wp-json\/wp\/v2\/users\/1"}],"replies":[{"embeddable":true,"href":"http:\/\/husberg.dsmynas.net\/wordpress\/wp-json\/wp\/v2\/comments?post=38"}],"version-history":[{"count":6,"href":"http:\/\/husberg.dsmynas.net\/wordpress\/wp-json\/wp\/v2\/pages\/38\/revisions"}],"predecessor-version":[{"id":886,"href":"http:\/\/husberg.dsmynas.net\/wordpress\/wp-json\/wp\/v2\/pages\/38\/revisions\/886"}],"wp:featuredmedia":[{"embeddable":true,"href":"http:\/\/husberg.dsmynas.net\/wordpress\/wp-json\/wp\/v2\/media\/109"}],"wp:attachment":[{"href":"http:\/\/husberg.dsmynas.net\/wordpress\/wp-json\/wp\/v2\/media?parent=38"}],"curies":[{"name":"wp","href":"https:\/\/api.w.org\/{rel}","templated":true}]}}