{"id":831,"date":"2020-11-20T15:33:58","date_gmt":"2020-11-20T14:33:58","guid":{"rendered":"http:\/\/husberg.dsmynas.net\/wordpress\/?page_id=831"},"modified":"2021-01-28T13:41:07","modified_gmt":"2021-01-28T12:41:07","slug":"resmal","status":"publish","type":"page","link":"http:\/\/husberg.dsmynas.net\/wordpress\/resmal\/","title":{"rendered":"Resm\u00e5l"},"content":{"rendered":"\n<p style=\"font-size:21px\" class=\"has-background has-very-light-gray-background-color\">H\u00e4r ligger alla resm\u00e5l som vi har bes\u00f6kt eller ska bes\u00f6ka .<\/p>\n\n\n\n<div class=\"wp-block-media-text alignwide has-media-on-the-right\" style=\"grid-template-columns:auto 56%\"><figure class=\"wp-block-media-text__media\"><img loading=\"lazy\" decoding=\"async\" width=\"576\" height=\"768\" src=\"http:\/\/husberg.dsmynas.net\/wordpress\/wp-content\/uploads\/2020\/07\/20200723_133355-e1605889535533.jpg\" alt=\"\" class=\"wp-image-765\" srcset=\"http:\/\/husberg.dsmynas.net\/wordpress\/wp-content\/uploads\/2020\/07\/20200723_133355-e1605889535533.jpg 576w, http:\/\/husberg.dsmynas.net\/wordpress\/wp-content\/uploads\/2020\/07\/20200723_133355-e1605889535533-225x300.jpg 225w\" sizes=\"auto, (max-width: 576px) 100vw, 576px\" \/><\/figure><div class=\"wp-block-media-text__content\">\n<p><strong><em><code><a href=\"http:\/\/husberg.dsmynas.net\/wordpress\/sverige\/\">Sverige<\/a><\/code><\/em><\/strong><\/p>\n\n\n\n<p><code><a href=\"http:\/\/husberg.dsmynas.net\/wordpress\/resmal\/europa\/\"><strong>Europa<\/strong><\/a><\/code><\/p>\n<\/div><\/div>\n","protected":false},"excerpt":{"rendered":"<p>H\u00e4r ligger alla resm\u00e5l som vi har bes\u00f6kt eller ska bes\u00f6ka . Sverige Europa<\/p>\n","protected":false},"author":1,"featured_media":0,"parent":0,"menu_order":0,"comment_status":"closed","ping_status":"closed","template":"","meta":{"footnotes":""},"class_list":["post-831","page","type-page","status-publish","hentry"],"_links":{"self":[{"href":"http:\/\/husberg.dsmynas.net\/wordpress\/wp-json\/wp\/v2\/pages\/831","targetHints":{"allow":["GET"]}}],"collection":[{"href":"http:\/\/husberg.dsmynas.net\/wordpress\/wp-json\/wp\/v2\/pages"}],"about":[{"href":"http:\/\/husberg.dsmynas.net\/wordpress\/wp-json\/wp\/v2\/types\/page"}],"author":[{"embeddable":true,"href":"http:\/\/husberg.dsmynas.net\/wordpress\/wp-json\/wp\/v2\/users\/1"}],"replies":[{"embeddable":true,"href":"http:\/\/husberg.dsmynas.net\/wordpress\/wp-json\/wp\/v2\/comments?post=831"}],"version-history":[{"count":13,"href":"http:\/\/husberg.dsmynas.net\/wordpress\/wp-json\/wp\/v2\/pages\/831\/revisions"}],"predecessor-version":[{"id":1060,"href":"http:\/\/husberg.dsmynas.net\/wordpress\/wp-json\/wp\/v2\/pages\/831\/revisions\/1060"}],"wp:attachment":[{"href":"http:\/\/husberg.dsmynas.net\/wordpress\/wp-json\/wp\/v2\/media?parent=831"}],"curies":[{"name":"wp","href":"https:\/\/api.w.org\/{rel}","templated":true}]}}