{"id":870,"date":"2020-11-20T16:54:06","date_gmt":"2020-11-20T15:54:06","guid":{"rendered":"http:\/\/husberg.dsmynas.net\/wordpress\/?page_id=870"},"modified":"2021-08-12T07:40:32","modified_gmt":"2021-08-12T05:40:32","slug":"sverige","status":"publish","type":"page","link":"http:\/\/husberg.dsmynas.net\/wordpress\/resmal\/sverige\/","title":{"rendered":"Sverige"},"content":{"rendered":"\n<p class=\"has-background has-medium-font-size has-light-green-cyan-background-color\"><strong><em>K\u00e4larne<\/em><\/strong><\/p>\n\n\n\n<p class=\"has-background has-medium-font-size has-light-green-cyan-background-color\"><strong><em>Fagersta<\/em><\/strong><\/p>\n\n\n\n<p class=\"has-background has-medium-font-size has-light-green-cyan-background-color\"><strong><em>G\u00e5l\u00f6<\/em><\/strong><\/p>\n\n\n\n<p class=\"has-background has-medium-font-size has-light-green-cyan-background-color\"><em><strong>G\u00f6teborg<\/strong><\/em><\/p>\n\n\n\n<p class=\"has-background has-medium-font-size has-light-green-cyan-background-color\"><strong><em>Malm\u00f6<\/em><\/strong><\/p>\n\n\n\n<p class=\"has-background has-medium-font-size has-light-green-cyan-background-color\"><strong><em>J\u00f6nk\u00f6ping<\/em><\/strong><\/p>\n\n\n\n<p class=\"has-background has-medium-font-size has-light-green-cyan-background-color\"><strong><em>Kiruna<\/em><\/strong><\/p>\n\n\n\n<p class=\"has-background has-medium-font-size has-light-green-cyan-background-color\"><strong><em>Kalmar<\/em><\/strong><\/p>\n\n\n\n<p class=\"has-background has-medium-font-size has-light-green-cyan-background-color\"><strong><em><a href=\"http:\/\/husberg.dsmynas.net\/wordpress\/?page_id=1057\">S\u00e4len <\/a><\/em><\/strong><\/p>\n\n\n<p><!--StartFragment--><\/p>\n<p><!--EndFragment--><\/p>\n<p><!--StartFragment--><\/p>\n<p><!--EndFragment--><\/p>\n\n\n<p> <\/p>\n","protected":false},"excerpt":{"rendered":"<p>K\u00e4larne Fagersta G\u00e5l\u00f6 G\u00f6teborg Malm\u00f6 J\u00f6nk\u00f6ping Kiruna Kalmar S\u00e4len<\/p>\n","protected":false},"author":1,"featured_media":0,"parent":831,"menu_order":1,"comment_status":"closed","ping_status":"closed","template":"","meta":{"footnotes":""},"class_list":["post-870","page","type-page","status-publish","hentry"],"_links":{"self":[{"href":"http:\/\/husberg.dsmynas.net\/wordpress\/wp-json\/wp\/v2\/pages\/870","targetHints":{"allow":["GET"]}}],"collection":[{"href":"http:\/\/husberg.dsmynas.net\/wordpress\/wp-json\/wp\/v2\/pages"}],"about":[{"href":"http:\/\/husberg.dsmynas.net\/wordpress\/wp-json\/wp\/v2\/types\/page"}],"author":[{"embeddable":true,"href":"http:\/\/husberg.dsmynas.net\/wordpress\/wp-json\/wp\/v2\/users\/1"}],"replies":[{"embeddable":true,"href":"http:\/\/husberg.dsmynas.net\/wordpress\/wp-json\/wp\/v2\/comments?post=870"}],"version-history":[{"count":5,"href":"http:\/\/husberg.dsmynas.net\/wordpress\/wp-json\/wp\/v2\/pages\/870\/revisions"}],"predecessor-version":[{"id":1059,"href":"http:\/\/husberg.dsmynas.net\/wordpress\/wp-json\/wp\/v2\/pages\/870\/revisions\/1059"}],"up":[{"embeddable":true,"href":"http:\/\/husberg.dsmynas.net\/wordpress\/wp-json\/wp\/v2\/pages\/831"}],"wp:attachment":[{"href":"http:\/\/husberg.dsmynas.net\/wordpress\/wp-json\/wp\/v2\/media?parent=870"}],"curies":[{"name":"wp","href":"https:\/\/api.w.org\/{rel}","templated":true}]}}