{"id":887,"date":"2020-11-21T11:04:35","date_gmt":"2020-11-21T10:04:35","guid":{"rendered":"http:\/\/husberg.dsmynas.net\/wordpress\/?page_id=887"},"modified":"2021-01-24T19:18:41","modified_gmt":"2021-01-24T18:18:41","slug":"packning","status":"publish","type":"page","link":"http:\/\/husberg.dsmynas.net\/wordpress\/att-tanka-pa\/packning\/","title":{"rendered":"Packning"},"content":{"rendered":"\n<p>N\u00e4r man reser med husbil s\u00e5 har man ju allt med sig, superbra s\u00e4tt att resa. Det g\u00e4ller att man inte tar med sig f\u00f6r mycket eller f\u00f6r lite.  Vi packar ut och in i flera dagar innan vi \u00e4r n\u00f6jda. Man gl\u00f6mmer l\u00e4tt n\u00e4r man packar s\u00e5 h\u00e4r nedan kommer en lista p\u00e5 saker som kan vara bra att ha med sig. Vi \u00e4ndrar den efter varje resa eftersom vi kommer p\u00e5 b\u00e4ttre saker att ha med sig. Eller att vissa saker har vi inte beh\u00f6vt s\u00e5 dom tar vi bort. <\/p>\n\n\n\n<ul class=\"wp-block-list\"><li>Slang inklusive olika munstycken eller kanna f\u00f6r att fylla p\u00e5 vatten<\/li><li>Elkablar inklusive adapter f\u00f6r olika uttag <\/li><li>Reseapotek, recept, mediciner, solskyddskr\u00e4m, myggmedel<\/li><li> Hygienartiklar, schampo,&nbsp;tandborste, tandkr\u00e4m, tv\u00e5l <\/li><li>S\u00e4ngkl\u00e4der s\u00e5som lakan,&nbsp;handdukar, filtar<\/li><li>Kl\u00e4der f\u00f6r r\u00e4tt v\u00e4der,&nbsp;regnkl\u00e4der, badkl\u00e4der, varma kl\u00e4der<\/li><li>Skor, sandaler, st\u00f6vlar, tofflor, promenadskor, vandringsskor<\/li><li>K\u00f6ksutrustning<\/li><li>Grill och grillkol, t\u00e4ndv\u00e4tska<\/li><li>Gasol&nbsp;\u2013 g\u00e4rna en extra tub eller p\u00e5fyllningsbar f\u00f6r GPL<\/li><li>Eng\u00e5ngsartiklar \u2013 hush\u00e5llspapper, toapapper, servetter, plastmuggar<\/li><li>Stearinljus, t\u00e4ndare<\/li><li>Reng\u00f6ringsmedel,&nbsp;diskmedel, tv\u00e4ttmedel,kemv\u00e4tska<\/li><li>Sopborste, tv\u00e4ttsvampar och dammsugare<\/li><li>S\u00e4kerhetsutrustning \u2013 larm och brandsl\u00e4ckare<\/li><li>Ficklampa inkl. extra batterier<\/li><li>Verktyg och reservdelar<\/li><li>D\u00f6rrmatta, utem\u00f6bler, niv\u00e5klossar <\/li><li>Extra toatank<\/li><li>Kartb\u00f6cker, guideb\u00f6cker<\/li><li>Papper,  skrivbok,  penna<\/li><li>B\u00f6cker, spel, filmer och musik<\/li><li>Gl\u00f6m inte den goda maten och vinet (korkskruv)&nbsp;inklusive basvaror som kryddor, ris, kaffe <\/li><\/ul>\n\n\n\n<figure class=\"wp-block-gallery columns-1 is-cropped wp-block-gallery-1 is-layout-flex wp-block-gallery-is-layout-flex\"><ul class=\"blocks-gallery-grid\"><li class=\"blocks-gallery-item\"><figure><img loading=\"lazy\" decoding=\"async\" width=\"576\" height=\"1024\" src=\"http:\/\/husberg.dsmynas.net\/wordpress\/wp-content\/uploads\/2020\/07\/20200715_192253.jpg\" alt=\"\" data-id=\"454\" data-full-url=\"http:\/\/husberg.dsmynas.net\/wordpress\/wp-content\/uploads\/2020\/07\/20200715_192253.jpg\" data-link=\"http:\/\/husberg.dsmynas.net\/wordpress\/20200715_192253\/\" class=\"wp-image-454\" srcset=\"http:\/\/husberg.dsmynas.net\/wordpress\/wp-content\/uploads\/2020\/07\/20200715_192253.jpg 576w, http:\/\/husberg.dsmynas.net\/wordpress\/wp-content\/uploads\/2020\/07\/20200715_192253-169x300.jpg 169w\" sizes=\"auto, (max-width: 576px) 100vw, 576px\" \/><\/figure><\/li><\/ul><\/figure>\n","protected":false},"excerpt":{"rendered":"<p>N\u00e4r man reser med husbil s\u00e5 har man ju allt med sig, superbra s\u00e4tt att resa. Det g\u00e4ller att man inte tar med sig f\u00f6r mycket eller f\u00f6r lite. Vi packar ut och in i flera dagar innan vi \u00e4r n\u00f6jda. Man gl\u00f6mmer l\u00e4tt n\u00e4r man packar s\u00e5 h\u00e4r nedan kommer en lista p\u00e5 saker &hellip; <\/p>\n<p class=\"link-more\"><a href=\"http:\/\/husberg.dsmynas.net\/wordpress\/att-tanka-pa\/packning\/\" class=\"more-link\">Forts\u00e4tt l\u00e4sa<span class=\"screen-reader-text\"> \u201dPackning\u201d<\/span><\/a><\/p>\n","protected":false},"author":1,"featured_media":0,"parent":832,"menu_order":0,"comment_status":"closed","ping_status":"closed","template":"","meta":{"footnotes":""},"class_list":["post-887","page","type-page","status-publish","hentry"],"_links":{"self":[{"href":"http:\/\/husberg.dsmynas.net\/wordpress\/wp-json\/wp\/v2\/pages\/887","targetHints":{"allow":["GET"]}}],"collection":[{"href":"http:\/\/husberg.dsmynas.net\/wordpress\/wp-json\/wp\/v2\/pages"}],"about":[{"href":"http:\/\/husberg.dsmynas.net\/wordpress\/wp-json\/wp\/v2\/types\/page"}],"author":[{"embeddable":true,"href":"http:\/\/husberg.dsmynas.net\/wordpress\/wp-json\/wp\/v2\/users\/1"}],"replies":[{"embeddable":true,"href":"http:\/\/husberg.dsmynas.net\/wordpress\/wp-json\/wp\/v2\/comments?post=887"}],"version-history":[{"count":3,"href":"http:\/\/husberg.dsmynas.net\/wordpress\/wp-json\/wp\/v2\/pages\/887\/revisions"}],"predecessor-version":[{"id":999,"href":"http:\/\/husberg.dsmynas.net\/wordpress\/wp-json\/wp\/v2\/pages\/887\/revisions\/999"}],"up":[{"embeddable":true,"href":"http:\/\/husberg.dsmynas.net\/wordpress\/wp-json\/wp\/v2\/pages\/832"}],"wp:attachment":[{"href":"http:\/\/husberg.dsmynas.net\/wordpress\/wp-json\/wp\/v2\/media?parent=887"}],"curies":[{"name":"wp","href":"https:\/\/api.w.org\/{rel}","templated":true}]}}