{"id":923,"date":"2021-01-01T11:04:17","date_gmt":"2021-01-01T10:04:17","guid":{"rendered":"http:\/\/husberg.dsmynas.net\/wordpress\/?page_id=923"},"modified":"2021-01-24T19:02:18","modified_gmt":"2021-01-24T18:02:18","slug":"forsakringar","status":"publish","type":"page","link":"http:\/\/husberg.dsmynas.net\/wordpress\/att-tanka-pa\/forsakringar\/","title":{"rendered":"F\u00f6rs\u00e4kringar"},"content":{"rendered":"\n<p><strong>F\u00f6rs\u00e4kringar<\/strong><\/p>\n\n\n\n<p>Det \u00e4r bra att t\u00e4nka innan man\n\u00e5ker p\u00e5 semester att man har en bra och r\u00e4tt f\u00f6rs\u00e4kring f\u00f6r husbilen.<\/p>\n\n\n\n<p>N\u00e4r vi var, d\u00e5 med husvagn, i\nNorge s\u00e5 fick vi punktering. Min man ringde d\u00e5 bara till Falck och vi fick\nhj\u00e4lp av b\u00e4rgare till en d\u00e4ckverkstad d\u00e4r vi sov till dagen efter och p\u00e5\nmorgonen fick vi hj\u00e4lp med d\u00e4ckbytet. Det \u00e4r viktigt att ha r\u00e4tt f\u00f6rs\u00e4kring.\nKolla runt och fr\u00e5ga p\u00e5 flera st\u00e4llen s\u00e5 att du f\u00e5r det du vill ha i din. <\/p>\n\n\n\n<p>Resef\u00f6rs\u00e4kring d\u00e5, det \u00e4r bra att kolla sin hemf\u00f6rs\u00e4kring och se vad som g\u00e4ller f\u00f6r den. I regel s\u00e5 brukar den g\u00e4lla f\u00f6r resa i 45 dagar och brukar t\u00e4cka bagare, sjukhusvistelse, \u00f6verfall, r\u00e5n, tekniskt fel p\u00e5 flyg mm. S\u00e5 ibland kan det vara bra att teckna en extra resef\u00f6rs\u00e4kring om man ska vara borta lite l\u00e4ngre eller om man ska g\u00f6ra lite andra aktiviteter som inte g\u00e4ller f\u00f6r vanliga hemf\u00f6rs\u00e4kringen. Du kan \u00e4ven beh\u00f6va teckna en extra resef\u00f6rs\u00e4kring och du har dyra och st\u00f6ldbeg\u00e4rliga saker. <\/p>\n\n\n\n<p>S\u00e5 t\u00e4nk efter f\u00f6re du reser s\u00e5 att du har r\u00e4tt resef\u00f6rs\u00e4kring med dig p\u00e5 din resa. Ibland s\u00e5 g\u00e4ller inte din resef\u00f6rs\u00e4kring \u00e4ven fast du har tecknat en, det finns vissa saker som kan inneb\u00e4ra att den \u00e4r ogiltig, s\u00e5som att gl\u00f6mma polisanm\u00e4la ett r\u00e5n eller en st\u00f6ld i det landet man \u00e4r i, \u00e4gandebevis p\u00e5 sakerna som du f\u00f6rlorat, gl\u00f6mt att k\u00f6pa en till\u00e4ggsf\u00f6rs\u00e4kring, du deltar i vissa aktiviteter som inte ing\u00e5r i din f\u00f6rs\u00e4kring. Om du reser inom EU s\u00e5 kan du ocks\u00e5 best\u00e4lla ett europeiskt sjukf\u00f6rs\u00e4kringskort hos <a href=\"https:\/\/www.forsakringskassan.se\/privatpers\/resa_arbeta_studera_eller_fa_vard_utomlands\/resa_utomlands\">F\u00f6rs\u00e4kringskassan<\/a>.&nbsp; <\/p>\n\n\n\n<figure class=\"wp-block-image size-large\"><img loading=\"lazy\" decoding=\"async\" width=\"1024\" height=\"768\" src=\"http:\/\/husberg.dsmynas.net\/wordpress\/wp-content\/uploads\/2021\/01\/P1100550.jpg\" alt=\"\" class=\"wp-image-948\" srcset=\"http:\/\/husberg.dsmynas.net\/wordpress\/wp-content\/uploads\/2021\/01\/P1100550.jpg 1024w, http:\/\/husberg.dsmynas.net\/wordpress\/wp-content\/uploads\/2021\/01\/P1100550-300x225.jpg 300w, http:\/\/husberg.dsmynas.net\/wordpress\/wp-content\/uploads\/2021\/01\/P1100550-768x576.jpg 768w\" sizes=\"auto, (max-width: 767px) 89vw, (max-width: 1000px) 54vw, (max-width: 1071px) 543px, 580px\" \/><\/figure>\n\n\n\n<p><strong>S\u00e4kerhet p\u00e5 resan<\/strong><\/p>\n\n\n\n<p>Detta med s\u00e4kerhet \u00e4r ju n\u00e5got man\negentligen inte vill t\u00e4nka p\u00e5. Man vill ju bara ha det mysigt p\u00e5 sin semester\noch att allt ska vara bra. Men tyv\u00e4rr s\u00e5 finns det ju personer som inte vet vad\nsom \u00e4r mitt och ditt. Man kan bli bestulen, tappa sin kamera i Venedig eller\nr\u00e5ka ut f\u00f6r n\u00e5gon cykelolycka i Alperna s\u00e5 att man m\u00e5ste \u00e5ka till sjukhus. S\u00e5\ndetta med s\u00e4kerhet \u00e4r n\u00e5got man ska t\u00e4nka p\u00e5 innan man reser.<\/p>\n\n\n\n<p><strong>N\u00e5gra tips:<\/strong><\/p>\n\n\n\n<ul class=\"wp-block-list\"><li>Ha inte v\u00e4rdefulla f\u00f6rem\u00e5l framme och synliga, ibland s\u00e5 \u00e4r det tillf\u00e4llet som g\u00f6r tjuven, de som vill ha en kamera kan d\u00e5 bara ta den om den ligger p\u00e5 ett bord och du \u00e4r i husbilen och g\u00f6r kaffe, vips s\u00e5 \u00e4r den borta.&nbsp; Vissa tycker att man ska s\u00e4tta in ett kassask\u00e5p i bilen men det finns lite olika meningar om det. Vissa tycker det \u00e4r bra, l\u00e5s in det du inte vill ska f\u00f6rsvinna medans andra tycker att om tjuvarna vill ta n\u00e5got ur kassask\u00e5pet s\u00e5 tar de bara med sig kassask\u00e5pet, \u00e4ven fast det sitter fast men g\u00e5r snabbt att plocka\/s\u00e5ga\/b\u00e4nda bort och d\u00e5 blir det ju st\u00f6rre skada i husbilen \u00e4n om de bara tagit de tjuvarna ville ha. S\u00e5 f\u00f6rs\u00f6k hitta platser i husbilen d\u00e4r du kan f\u00f6rvara dina v\u00e4rdefulla saker som inte tjuvarna kan hitta. Jag vet att det \u00e4r sv\u00e5rt, men nu \u00e4r det dags att b\u00f6rja t\u00e4nka utanf\u00f6r ramen. <\/li><li>Pass, v\u00e4rdebevis, biljetter, betalkort mm. Ta foton, skanna in dem och maila dem till alla resen\u00e4rer. D\u00e5 finns dem i \u201dmolnet\u201d och kan l\u00e4tt tas fram om passet exempelvis blir stulet\/borttappat. Gl\u00f6m inte att \u00e4ven skicka mail om sp\u00e4rrnummer till visakort, bensinkort, ja alla kort som du har med dig p\u00e5 resan. <\/li><li>T\u00e4nk \u00e4ven p\u00e5 att ta med extranyckeln till husbilen.&nbsp; <\/li><li>Informera sl\u00e4kt\/v\u00e4nner om resrutten, s\u00e5 att det finns n\u00e5gra som vet vart ni befinner er och kan hj\u00e4lpa er om n\u00e5got h\u00e4nder. <\/li><li>Ta en titt p\u00e5<a href=\"https:\/\/www.regeringen.se\/uds-reseinformation\/\"> UDs reseinformationssida<\/a> om det\/de aktuella l\u00e4nderna ni ska till. <\/li><\/ul>\n","protected":false},"excerpt":{"rendered":"<p>F\u00f6rs\u00e4kringar Det \u00e4r bra att t\u00e4nka innan man \u00e5ker p\u00e5 semester att man har en bra och r\u00e4tt f\u00f6rs\u00e4kring f\u00f6r husbilen. N\u00e4r vi var, d\u00e5 med husvagn, i Norge s\u00e5 fick vi punktering. Min man ringde d\u00e5 bara till Falck och vi fick hj\u00e4lp av b\u00e4rgare till en d\u00e4ckverkstad d\u00e4r vi sov till dagen efter &hellip; <\/p>\n<p class=\"link-more\"><a href=\"http:\/\/husberg.dsmynas.net\/wordpress\/att-tanka-pa\/forsakringar\/\" class=\"more-link\">Forts\u00e4tt l\u00e4sa<span class=\"screen-reader-text\"> \u201dF\u00f6rs\u00e4kringar\u201d<\/span><\/a><\/p>\n","protected":false},"author":1,"featured_media":0,"parent":832,"menu_order":0,"comment_status":"closed","ping_status":"closed","template":"","meta":{"footnotes":""},"class_list":["post-923","page","type-page","status-publish","hentry"],"_links":{"self":[{"href":"http:\/\/husberg.dsmynas.net\/wordpress\/wp-json\/wp\/v2\/pages\/923","targetHints":{"allow":["GET"]}}],"collection":[{"href":"http:\/\/husberg.dsmynas.net\/wordpress\/wp-json\/wp\/v2\/pages"}],"about":[{"href":"http:\/\/husberg.dsmynas.net\/wordpress\/wp-json\/wp\/v2\/types\/page"}],"author":[{"embeddable":true,"href":"http:\/\/husberg.dsmynas.net\/wordpress\/wp-json\/wp\/v2\/users\/1"}],"replies":[{"embeddable":true,"href":"http:\/\/husberg.dsmynas.net\/wordpress\/wp-json\/wp\/v2\/comments?post=923"}],"version-history":[{"count":6,"href":"http:\/\/husberg.dsmynas.net\/wordpress\/wp-json\/wp\/v2\/pages\/923\/revisions"}],"predecessor-version":[{"id":998,"href":"http:\/\/husberg.dsmynas.net\/wordpress\/wp-json\/wp\/v2\/pages\/923\/revisions\/998"}],"up":[{"embeddable":true,"href":"http:\/\/husberg.dsmynas.net\/wordpress\/wp-json\/wp\/v2\/pages\/832"}],"wp:attachment":[{"href":"http:\/\/husberg.dsmynas.net\/wordpress\/wp-json\/wp\/v2\/media?parent=923"}],"curies":[{"name":"wp","href":"https:\/\/api.w.org\/{rel}","templated":true}]}}